{"id":4114,"date":"2025-02-21T13:56:44","date_gmt":"2025-02-21T13:56:44","guid":{"rendered":"https:\/\/fabverbatim.com\/?page_id=4114"},"modified":"2025-11-28T11:46:59","modified_gmt":"2025-11-28T11:46:59","slug":"politica-de-privacitat","status":"publish","type":"page","link":"https:\/\/fabverbatim.com\/ca\/politica-de-privacitat\/","title":{"rendered":"Pol\u00edtica de Privacitat"},"content":{"rendered":"\t\t<div data-elementor-type=\"wp-page\" data-elementor-id=\"4114\" class=\"elementor elementor-4114 elementor-3629\" data-elementor-post-type=\"page\">\n\t\t\t\t<div class=\"elementor-element elementor-element-5a38bc8 e-flex e-con-boxed e-con e-parent\" data-id=\"5a38bc8\" data-element_type=\"container\" data-e-type=\"container\">\n\t\t\t\t\t<div class=\"e-con-inner\">\n\t\t\t\t<div class=\"elementor-element elementor-element-71c07d1 texto-slogan_fuera elementor-widget elementor-widget-heading\" data-id=\"71c07d1\" data-element_type=\"widget\" data-e-type=\"widget\" data-widget_type=\"heading.default\">\n\t\t\t\t<div class=\"elementor-widget-container\">\n\t\t\t\t\t<h1 class=\"elementor-heading-title elementor-size-default\"><b>POL\u00cdTICA DE PRIVACITAT<\/b><\/h1>\t\t\t\t<\/div>\n\t\t\t\t<\/div>\n\t\t\t\t<div class=\"elementor-element elementor-element-a24020b elementor-widget elementor-widget-text-editor\" data-id=\"a24020b\" data-element_type=\"widget\" data-e-type=\"widget\" data-widget_type=\"text-editor.default\">\n\t\t\t\t<div class=\"elementor-widget-container\">\n\t\t\t\t\t\t\t\t\t<p>En compliment del que es disposa en el Reglament (UE) 2016\/679 del Parlament Europeu i del Consell de 27 d&#8217;abril de 2016 relatiu a la protecci\u00f3 de les persones f\u00edsiques pel que fa al tractament de dades personals i a la lliure circulaci\u00f3 d&#8217;aquestes dades (RGPD), aix\u00ed com la Llei org\u00e0nica 3\/2018, de 5 de desembre, de Protecci\u00f3 de Dades Personals i garantia dels drets digitals (LOPDGDD), s&#8217;informa els usuaris d&#8217;aquest lloc web sobre la pol\u00edtica de privacitat i tractament de dades personals.<\/p><p>\u00a0<\/p><h3>1. RESPONSABLE DEL TRACTAMENT<\/h3><p><strong>Responsable:<\/strong> Fabienne Colette Marie Fran\u00e7oise Annys<\/p><p><strong>Nom comercial:<\/strong> Fab Verbatim<\/p><p><strong>NIF:<\/strong> X1233450Y<\/p><p><strong>Domicili:<\/strong> Carrer Sant Pere n\u00fam. 7, Sant Climent de Llobregat, 08849 Barcelona, Espanya<\/p><p><strong>Correu electr\u00f2nic:<\/strong> contact@fabverbatim.com<\/p><h3>2. FINALITAT DEL TRACTAMENT DE DADES<\/h3><p>Les dades personals que l&#8217;usuari faciliti volunt\u00e0riament a trav\u00e9s del formulari de contacte del lloc web seran utilitzats amb les seg\u00fcents finalitats:<\/p><ul><li>Gestionar les consultes o sol\u00b7licituds realitzades per l&#8217;usuari.<\/li><li>Establir comunicacions per a la prestaci\u00f3 de serveis o enviament d&#8217;informaci\u00f3 sol\u00b7licitada.<\/li><\/ul><h3>3. LEGITIMACI\u00d3 PER AL TRACTAMENT<\/h3><p>La base legal per al tractament de les seves dades \u00e9s el consentiment de l&#8217;usuari en completar el formulari de contacte i acceptar aquesta pol\u00edtica de privacitat.<\/p><h3>4. NATURALESA DE LES DADES TRACTADES I MODALITATS DE TRACTAMENT<\/h3><p>Les dades personals tractats seran aquells que l&#8217;usuari proporcioni a trav\u00e9s del formulari de contacte, consistents en:<\/p><ul><li>Nom i cognoms<\/li><li>Adre\u00e7a de correu electr\u00f2nic<\/li><li>Qualsevol altra informaci\u00f3 que l&#8217;usuari inclogui en el missatge<\/li><\/ul><p>Les dades seran tractades de manera confidencial i no s&#8217;utilitzaran per a fins distints als indicats.<\/p><h3>5. TERMINI DE CONSERVACI\u00d3 DE LES DADES<\/h3><p>Les dades personals proporcionades es conservaran durant el temps necessari per a gestionar la consulta i\/o relaci\u00f3 establerta amb l&#8217;usuari, i en tot cas, fins que sol\u00b7liciti la seva supressi\u00f3.<\/p><h3>6. DESTINATARIS DE LES DADES<\/h3><p>Les dades personals no seran cedits a tercers, excepte obligaci\u00f3 legal o en cas que sigui necessari per a la prestaci\u00f3 d&#8217;un servei sol\u00b7licitat per l&#8217;usuari.<\/p><h3>7. DRETS DE L&#8217;USUARI<\/h3><p>El usuario t\u00e9 dret a exercir els seg\u00fcents drets:<\/p><ul><li><strong>Acc\u00e9s:<\/strong> con\u00e8ixer quines dades personals s&#8217;estan tractant.<\/li><li><strong>Rectificaci\u00f3:<\/strong> sol\u00b7licitar la correcci\u00f3 de dades inexactes.<\/li><li><strong>Supressi\u00f3:<\/strong> demanar l&#8217;eliminaci\u00f3 de les dades quan ja no siguin necessaris.<\/li><li><strong>Limitaci\u00f3 del tractament:<\/strong> restringir l&#8217;\u00fas de les dades en determinats casos.<\/li><li><strong>Oposici\u00f3:<\/strong> oposar-se al tractament de les seves dades per motius relacionats amb la seva situaci\u00f3 particular.<\/li><li><strong>Portabilitat:<\/strong> rebre les seves dades en un format estructurat i transmetre&#8217;ls a un altre responsable.<\/li><\/ul><p>Per a exercir aquests drets, pot contactar amb el responsable del tractament a trav\u00e9s del correu electr\u00f2nic contact@fabverbatim.com, indicant la seva sol\u00b7licitud i adjuntant c\u00f2pia del seu document d&#8217;identitat.<\/p><h3>8. SEGURETAT DE LES DADES<\/h3><p>S&#8217;han adoptat les mesures de seguretat t\u00e8cniques i organitzatives necess\u00e0ries per a garantir la protecci\u00f3 de les dades personals i evitar la seva alteraci\u00f3, p\u00e8rdua, tractament o acc\u00e9s no autoritzat.<\/p><h3>9. RECLAMACIONS DAVANT L&#8217;AUTORITAT DE CONTROL<\/h3><p>Si considera que el tractament de les seves dades personals infringeix la normativa, t\u00e9 dret a presentar una reclamaci\u00f3 davant l&#8217;Ag\u00e8ncia Espanyola de Protecci\u00f3 de Dades (<a href=\"https:\/\/www.aepd.es\/\">www.aepd.es<\/a>).<\/p>\t\t\t\t\t\t\t\t<\/div>\n\t\t\t\t<\/div>\n\t\t\t\t\t<\/div>\n\t\t\t\t<\/div>\n\t\t\t\t<\/div>\n\t\t","protected":false},"excerpt":{"rendered":"<p>POL\u00cdTICA DE PRIVACITAT En compliment del que es disposa en el Reglament (UE) 2016\/679 del Parlament Europeu i del Consell de 27 d&#8217;abril de 2016 relatiu a la protecci\u00f3 de les persones f\u00edsiques pel que fa al tractament de dades personals i a la lliure circulaci\u00f3 d&#8217;aquestes dades (RGPD), aix\u00ed com la Llei org\u00e0nica 3\/2018, [&hellip;]<\/p>\n","protected":false},"author":2,"featured_media":0,"parent":0,"menu_order":0,"comment_status":"closed","ping_status":"closed","template":"","meta":{"footnotes":""},"class_list":["post-4114","page","type-page","status-publish","hentry"],"yoast_head":"<!-- This site is optimized with the Yoast SEO plugin v27.5 - https:\/\/yoast.com\/product\/yoast-seo-wordpress\/ -->\n<title>Pol\u00edtica de Privacitat - Fab Verbatim<\/title>\n<meta name=\"robots\" content=\"index, follow, max-snippet:-1, max-image-preview:large, max-video-preview:-1\" \/>\n<link rel=\"canonical\" href=\"https:\/\/fabverbatim.com\/ca\/politica-de-privacitat\/\" \/>\n<meta property=\"og:locale\" content=\"ca_ES\" \/>\n<meta property=\"og:type\" content=\"article\" \/>\n<meta property=\"og:title\" content=\"Pol\u00edtica de Privacitat - Fab Verbatim\" \/>\n<meta property=\"og:description\" content=\"POL\u00cdTICA DE PRIVACITAT En compliment del que es disposa en el Reglament (UE) 2016\/679 del Parlament Europeu i del Consell de 27 d&#8217;abril de 2016 relatiu a la protecci\u00f3 de les persones f\u00edsiques pel que fa al tractament de dades personals i a la lliure circulaci\u00f3 d&#8217;aquestes dades (RGPD), aix\u00ed com la Llei org\u00e0nica 3\/2018, [&hellip;]\" \/>\n<meta property=\"og:url\" content=\"https:\/\/fabverbatim.com\/ca\/politica-de-privacitat\/\" \/>\n<meta property=\"og:site_name\" content=\"Fab Verbatim\" \/>\n<meta property=\"article:modified_time\" content=\"2025-11-28T11:46:59+00:00\" \/>\n<meta name=\"twitter:card\" content=\"summary_large_image\" \/>\n<meta name=\"twitter:label1\" content=\"Temps estimat de lectura\" \/>\n\t<meta name=\"twitter:data1\" content=\"3 minuts\" \/>\n<script type=\"application\/ld+json\" class=\"yoast-schema-graph\">{\"@context\":\"https:\\\/\\\/schema.org\",\"@graph\":[{\"@type\":\"WebPage\",\"@id\":\"https:\\\/\\\/fabverbatim.com\\\/ca\\\/politica-de-privacitat\\\/\",\"url\":\"https:\\\/\\\/fabverbatim.com\\\/ca\\\/politica-de-privacitat\\\/\",\"name\":\"Pol\u00edtica de Privacitat - Fab Verbatim\",\"isPartOf\":{\"@id\":\"https:\\\/\\\/fabverbatim.com\\\/ca\\\/#website\"},\"datePublished\":\"2025-02-21T13:56:44+00:00\",\"dateModified\":\"2025-11-28T11:46:59+00:00\",\"breadcrumb\":{\"@id\":\"https:\\\/\\\/fabverbatim.com\\\/ca\\\/politica-de-privacitat\\\/#breadcrumb\"},\"inLanguage\":\"ca\",\"potentialAction\":[{\"@type\":\"ReadAction\",\"target\":[\"https:\\\/\\\/fabverbatim.com\\\/ca\\\/politica-de-privacitat\\\/\"]}]},{\"@type\":\"BreadcrumbList\",\"@id\":\"https:\\\/\\\/fabverbatim.com\\\/ca\\\/politica-de-privacitat\\\/#breadcrumb\",\"itemListElement\":[{\"@type\":\"ListItem\",\"position\":1,\"name\":\"Portada\",\"item\":\"https:\\\/\\\/fabverbatim.com\\\/ca\\\/\"},{\"@type\":\"ListItem\",\"position\":2,\"name\":\"Pol\u00edtica de Privacitat\"}]},{\"@type\":\"WebSite\",\"@id\":\"https:\\\/\\\/fabverbatim.com\\\/ca\\\/#website\",\"url\":\"https:\\\/\\\/fabverbatim.com\\\/ca\\\/\",\"name\":\"Fab Verbatim\",\"description\":\"\",\"publisher\":{\"@id\":\"https:\\\/\\\/fabverbatim.com\\\/ca\\\/#organization\"},\"potentialAction\":[{\"@type\":\"SearchAction\",\"target\":{\"@type\":\"EntryPoint\",\"urlTemplate\":\"https:\\\/\\\/fabverbatim.com\\\/ca\\\/?s={search_term_string}\"},\"query-input\":{\"@type\":\"PropertyValueSpecification\",\"valueRequired\":true,\"valueName\":\"search_term_string\"}}],\"inLanguage\":\"ca\"},{\"@type\":\"Organization\",\"@id\":\"https:\\\/\\\/fabverbatim.com\\\/ca\\\/#organization\",\"name\":\"Fab Verbatim\",\"url\":\"https:\\\/\\\/fabverbatim.com\\\/ca\\\/\",\"logo\":{\"@type\":\"ImageObject\",\"inLanguage\":\"ca\",\"@id\":\"https:\\\/\\\/fabverbatim.com\\\/ca\\\/#\\\/schema\\\/logo\\\/image\\\/\",\"url\":\"https:\\\/\\\/fabverbatim.com\\\/wp-content\\\/uploads\\\/2023\\\/08\\\/fabverbatim-1.png\",\"contentUrl\":\"https:\\\/\\\/fabverbatim.com\\\/wp-content\\\/uploads\\\/2023\\\/08\\\/fabverbatim-1.png\",\"width\":4500,\"height\":2347,\"caption\":\"Fab Verbatim\"},\"image\":{\"@id\":\"https:\\\/\\\/fabverbatim.com\\\/ca\\\/#\\\/schema\\\/logo\\\/image\\\/\"}}]}<\/script>\n<!-- \/ Yoast SEO plugin. -->","yoast_head_json":{"title":"Pol\u00edtica de Privacitat - Fab Verbatim","robots":{"index":"index","follow":"follow","max-snippet":"max-snippet:-1","max-image-preview":"max-image-preview:large","max-video-preview":"max-video-preview:-1"},"canonical":"https:\/\/fabverbatim.com\/ca\/politica-de-privacitat\/","og_locale":"ca_ES","og_type":"article","og_title":"Pol\u00edtica de Privacitat - Fab Verbatim","og_description":"POL\u00cdTICA DE PRIVACITAT En compliment del que es disposa en el Reglament (UE) 2016\/679 del Parlament Europeu i del Consell de 27 d&#8217;abril de 2016 relatiu a la protecci\u00f3 de les persones f\u00edsiques pel que fa al tractament de dades personals i a la lliure circulaci\u00f3 d&#8217;aquestes dades (RGPD), aix\u00ed com la Llei org\u00e0nica 3\/2018, [&hellip;]","og_url":"https:\/\/fabverbatim.com\/ca\/politica-de-privacitat\/","og_site_name":"Fab Verbatim","article_modified_time":"2025-11-28T11:46:59+00:00","twitter_card":"summary_large_image","twitter_misc":{"Temps estimat de lectura":"3 minuts"},"schema":{"@context":"https:\/\/schema.org","@graph":[{"@type":"WebPage","@id":"https:\/\/fabverbatim.com\/ca\/politica-de-privacitat\/","url":"https:\/\/fabverbatim.com\/ca\/politica-de-privacitat\/","name":"Pol\u00edtica de Privacitat - Fab Verbatim","isPartOf":{"@id":"https:\/\/fabverbatim.com\/ca\/#website"},"datePublished":"2025-02-21T13:56:44+00:00","dateModified":"2025-11-28T11:46:59+00:00","breadcrumb":{"@id":"https:\/\/fabverbatim.com\/ca\/politica-de-privacitat\/#breadcrumb"},"inLanguage":"ca","potentialAction":[{"@type":"ReadAction","target":["https:\/\/fabverbatim.com\/ca\/politica-de-privacitat\/"]}]},{"@type":"BreadcrumbList","@id":"https:\/\/fabverbatim.com\/ca\/politica-de-privacitat\/#breadcrumb","itemListElement":[{"@type":"ListItem","position":1,"name":"Portada","item":"https:\/\/fabverbatim.com\/ca\/"},{"@type":"ListItem","position":2,"name":"Pol\u00edtica de Privacitat"}]},{"@type":"WebSite","@id":"https:\/\/fabverbatim.com\/ca\/#website","url":"https:\/\/fabverbatim.com\/ca\/","name":"Fab Verbatim","description":"","publisher":{"@id":"https:\/\/fabverbatim.com\/ca\/#organization"},"potentialAction":[{"@type":"SearchAction","target":{"@type":"EntryPoint","urlTemplate":"https:\/\/fabverbatim.com\/ca\/?s={search_term_string}"},"query-input":{"@type":"PropertyValueSpecification","valueRequired":true,"valueName":"search_term_string"}}],"inLanguage":"ca"},{"@type":"Organization","@id":"https:\/\/fabverbatim.com\/ca\/#organization","name":"Fab Verbatim","url":"https:\/\/fabverbatim.com\/ca\/","logo":{"@type":"ImageObject","inLanguage":"ca","@id":"https:\/\/fabverbatim.com\/ca\/#\/schema\/logo\/image\/","url":"https:\/\/fabverbatim.com\/wp-content\/uploads\/2023\/08\/fabverbatim-1.png","contentUrl":"https:\/\/fabverbatim.com\/wp-content\/uploads\/2023\/08\/fabverbatim-1.png","width":4500,"height":2347,"caption":"Fab Verbatim"},"image":{"@id":"https:\/\/fabverbatim.com\/ca\/#\/schema\/logo\/image\/"}}]}},"_links":{"self":[{"href":"https:\/\/fabverbatim.com\/ca\/wp-json\/wp\/v2\/pages\/4114","targetHints":{"allow":["GET"]}}],"collection":[{"href":"https:\/\/fabverbatim.com\/ca\/wp-json\/wp\/v2\/pages"}],"about":[{"href":"https:\/\/fabverbatim.com\/ca\/wp-json\/wp\/v2\/types\/page"}],"author":[{"embeddable":true,"href":"https:\/\/fabverbatim.com\/ca\/wp-json\/wp\/v2\/users\/2"}],"replies":[{"embeddable":true,"href":"https:\/\/fabverbatim.com\/ca\/wp-json\/wp\/v2\/comments?post=4114"}],"version-history":[{"count":8,"href":"https:\/\/fabverbatim.com\/ca\/wp-json\/wp\/v2\/pages\/4114\/revisions"}],"predecessor-version":[{"id":4123,"href":"https:\/\/fabverbatim.com\/ca\/wp-json\/wp\/v2\/pages\/4114\/revisions\/4123"}],"wp:attachment":[{"href":"https:\/\/fabverbatim.com\/ca\/wp-json\/wp\/v2\/media?parent=4114"}],"curies":[{"name":"wp","href":"https:\/\/api.w.org\/{rel}","templated":true}]}}