{"id":4102,"date":"2025-02-21T14:15:02","date_gmt":"2025-02-21T14:15:02","guid":{"rendered":"https:\/\/fabverbatim.com\/?page_id=4102"},"modified":"2025-11-28T11:34:16","modified_gmt":"2025-11-28T11:34:16","slug":"avis-legal","status":"publish","type":"page","link":"https:\/\/fabverbatim.com\/ca\/avis-legal\/","title":{"rendered":"Av\u00eds Legal"},"content":{"rendered":"\t\t<div data-elementor-type=\"wp-page\" data-elementor-id=\"4102\" class=\"elementor elementor-4102 elementor-3638\" data-elementor-post-type=\"page\">\n\t\t\t\t<div class=\"elementor-element elementor-element-a6a57f2 e-flex e-con-boxed e-con e-parent\" data-id=\"a6a57f2\" data-element_type=\"container\" data-e-type=\"container\">\n\t\t\t\t\t<div class=\"e-con-inner\">\n\t\t<div class=\"elementor-element elementor-element-3f9e50f e-con-full e-flex e-con e-child\" data-id=\"3f9e50f\" data-element_type=\"container\" data-e-type=\"container\">\n\t\t\t\t<div class=\"elementor-element elementor-element-50f7c89 texto-slogan_fuera elementor-widget elementor-widget-heading\" data-id=\"50f7c89\" data-element_type=\"widget\" data-e-type=\"widget\" data-widget_type=\"heading.default\">\n\t\t\t\t<div class=\"elementor-widget-container\">\n\t\t\t\t\t<h1 class=\"elementor-heading-title elementor-size-default\"><b>AV\u00cdS LEGAL<\/b><\/h1>\t\t\t\t<\/div>\n\t\t\t\t<\/div>\n\t\t\t\t<div class=\"elementor-element elementor-element-293b0a8 elementor-widget elementor-widget-text-editor\" data-id=\"293b0a8\" data-element_type=\"widget\" data-e-type=\"widget\" data-widget_type=\"text-editor.default\">\n\t\t\t\t<div class=\"elementor-widget-container\">\n\t\t\t\t\t\t\t\t\t<h2><strong>LLEI DELS SERVEIS DE LA SOCIETAT DE LA INFORMACI\u00d3 (LSSI)<\/strong><\/h2><p>Fabienne Colette Marie Fran\u00e7oise Annys, responsable del lloc web, d&#8217;ara endavant RESPONSABLE, posa a la disposici\u00f3 dels usuaris el present document, amb el qual pret\u00e9n donar compliment a les obligacions disposades en la Llei 34\/2002, d&#8217;11 de juliol, de Serveis de la Societat de la Informaci\u00f3 i del Comer\u00e7 Electr\u00f2nic (LSSICE), aix\u00ed com informar a tots els usuaris del lloc web respecte a quins s\u00f3n les condicions d&#8217;\u00fas.<\/p><p>Tota persona que accedeixi a aquest lloc web assumeix el paper d&#8217;usuari, comprometent-se a l&#8217;observan\u00e7a i compliment rigor\u00f3s de les disposicions aqu\u00ed disposades, aix\u00ed com a qualsevol altra disposici\u00f3 legal que fos aplicable.<\/p><p>Fabienne Colette Marie Fran\u00e7oise Annys es reserva el dret de modificar qualsevol tipus d&#8217;informaci\u00f3 que pogu\u00e9s apar\u00e8ixer en el lloc web, sense que existeixi obligaci\u00f3 de preavisar o posar en coneixement dels usuaris aquestes modificacions, entenent-se com a suficient amb la publicaci\u00f3 en el lloc web de Fabienne Colette Marie Fran\u00e7oise Annys.<\/p><p>1.- DADES IDENTIFICATIVES<\/p><p>Denominaci\u00f3 social: Fabienne Colette Marie Fran\u00e7oise Annys<br \/>Nom comercial: Fab Verbatim<br \/>NIF: X1233450Y<br \/>Domicili: Carrer Sant Pere n\u00fam. 7, Sant Climent de Llobregat, 08849 Barcelona, Espanya<br \/>E-mail: contact@fabverbatim.com<\/p><p>2.- OBJECTE<\/p><p>A trav\u00e9s del Lloc web, oferim als Usuaris la possibilitat d&#8217;accedir a informaci\u00f3 sobre els nostres serveis.<\/p><p>3.- PRIVACITAT I TRACTAMENT DE DADES<\/p><p>Quan per a l&#8217;acc\u00e9s a determinats continguts o serveis sigui necessari facilitar dades de car\u00e0cter personal, els Usuaris garantiran la seva veracitat, exactitud, autenticitat i vig\u00e8ncia. L&#8217;empresa donar\u00e0 a aquestes dades el tractament automatitzat que correspongui en funci\u00f3 de la seva naturalesa o finalitat, en els termes indicats en la secci\u00f3 de Pol\u00edtica de Privacitat.<\/p><p>4.- PROPIETAT INDUSTRIAL I INTEL\u00b7LECTUAL<\/p><p>L&#8217;Usuari reconeix i accepta que tots els continguts que es mostren en l&#8217;Espai Web, especialment dissenys, textos, imatges, logos, icones, botons, programari, noms comercials, marques o qualssevol altres signes susceptibles d&#8217;utilitzaci\u00f3 industrial i\/o comercial, estan subjectes a drets de Propietat Intel\u00b7lectual. Totes les marques, noms comercials o signes distintius, i tots els drets de propietat industrial i intel\u00b7lectual sobre els continguts i\/o qualsevol altre element inserit en la p\u00e0gina, s\u00f3n propietat exclusiva de l&#8217;empresa i\/o de tercers.<\/p><p>Per aix\u00f2, l&#8217;Usuari es compromet a no reproduir, copiar, distribuir, posar a disposici\u00f3 o de qualsevol altra forma comunicar p\u00fablicament, transformar o modificar tals continguts, mantenint indemne a l&#8217;empresa de qualsevol reclamaci\u00f3 que es derivi de l&#8217;incompliment de tals obligacions.<\/p><p>L&#8217;acc\u00e9s a l&#8217;Espai Web no implica cap mena de ren\u00fancia, transmissi\u00f3, llic\u00e8ncia o cessi\u00f3 total ni parcial d&#8217;aquests drets, tret que s&#8217;estableixi expressament el contrari.<\/p><p>5.- OBLIGACIONS I RESPONSABILITATS DE L&#8217;USUARI DE L&#8217;ESPAI WEB<\/p><p>L&#8217;usuari es compromet a:<\/p><ul><li>Fer un \u00fas adequat i l\u00edcit de l&#8217;Espai Web i els seus continguts, de conformitat amb la legislaci\u00f3 aplicable a cada moment, la moral i bons costums i l&#8217;ordre p\u00fablic.<\/li><li>No realitzar activitats il\u00b7l\u00edcites, il\u00b7legals o contr\u00e0ries a la bona fe i ordre p\u00fablic.<\/li><li>No intentar accedir a \u00e0rees restringides de l&#8217;Espai Web sense complir les condicions exigides.<\/li><li>No provocar danys en els sistemes f\u00edsics o l\u00f2gics de l&#8217;Espai Web.<\/li><li>No introduir virus inform\u00e0tics ni qualsevol altre sistema nociu.<\/li><\/ul><p>6.- RESPONSABILITATS<\/p><p>No es garanteix l&#8217;acc\u00e9s continuat ni la correcta visualitzaci\u00f3, desc\u00e0rrega o utilitat dels elements i informacions contingudes en la web. No es fa responsable dels danys o perjudicis que puguin derivar-se de l&#8217;acc\u00e9s o \u00fas de la informaci\u00f3 de l&#8217;Espai Web.<\/p><p>7.- ENLLA\u00c7OS<\/p><p>L&#8217;Usuari no podr\u00e0 reproduir ni enlla\u00e7ar l&#8217;Espai Web sense autoritzaci\u00f3 expressa. L&#8217;Espai Web pot incloure enlla\u00e7os a tercers, sense que aix\u00f2 impliqui relaci\u00f3 ni responsabilitat sobre aquests.<\/p><p>8.- PROTECCI\u00d3 DE DADES<\/p><p>El tratamiento de datos personales se realizar\u00e1 conforme al RGPD, LOPDGDD y LSSI, seg\u00fan se especifica en la Pol\u00edtica de Privacidad.<\/p><p>9.- COOKIES<\/p><p>El lloc web utilitza cookies per a millorar l&#8217;experi\u00e8ncia de l&#8217;usuari. L&#8217;usuari pot configurar el seu navegador per a rebutjar les cookies.<\/p><p>10.- DECLARACIONS I GARANTIES<\/p><p>Els continguts de l&#8217;Espai Web tenen car\u00e0cter informatiu i no constitueixen cap garantia sobre la seva exactitud o utilitat.<\/p><p>11.- FOR\u00c7A MAJOR<\/p><p>L&#8217;empresa no ser\u00e0 responsable en cas d&#8217;interrupcions del servei per for\u00e7a major.<\/p><p>12.- RESOLUCI\u00d3 DE CONTROV\u00c8RSIES. LLEI APLICABLE I JURISDICCI\u00d3<\/p><p>Les presents condicions es regeixen per la legislaci\u00f3 espanyola. Qualsevol controv\u00e8rsia se sotmetr\u00e0 als Jutjats i Tribunals del domicili social del Responsable del lloc web.<\/p><p>Si alguna estipulaci\u00f3 d&#8217;aquestes condicions result\u00e9s nul\u00b7la o inexigible, es modificar\u00e0 de manera que reflecteixi el m\u00e9s fidelment possible la intenci\u00f3 original.<\/p>\t\t\t\t\t\t\t\t<\/div>\n\t\t\t\t<\/div>\n\t\t\t\t<\/div>\n\t\t\t\t\t<\/div>\n\t\t\t\t<\/div>\n\t\t\t\t<\/div>\n\t\t","protected":false},"excerpt":{"rendered":"<p>AV\u00cdS LEGAL LLEI DELS SERVEIS DE LA SOCIETAT DE LA INFORMACI\u00d3 (LSSI) Fabienne Colette Marie Fran\u00e7oise Annys, responsable del lloc web, d&#8217;ara endavant RESPONSABLE, posa a la disposici\u00f3 dels usuaris el present document, amb el qual pret\u00e9n donar compliment a les obligacions disposades en la Llei 34\/2002, d&#8217;11 de juliol, de Serveis de la Societat [&hellip;]<\/p>\n","protected":false},"author":2,"featured_media":0,"parent":0,"menu_order":0,"comment_status":"closed","ping_status":"closed","template":"","meta":{"footnotes":""},"class_list":["post-4102","page","type-page","status-publish","hentry"],"yoast_head":"<!-- This site is optimized with the Yoast SEO plugin v27.5 - https:\/\/yoast.com\/product\/yoast-seo-wordpress\/ -->\n<title>Av\u00eds Legal - Fab Verbatim<\/title>\n<meta name=\"robots\" content=\"index, follow, max-snippet:-1, max-image-preview:large, max-video-preview:-1\" \/>\n<link rel=\"canonical\" href=\"https:\/\/fabverbatim.com\/ca\/avis-legal\/\" \/>\n<meta property=\"og:locale\" content=\"ca_ES\" \/>\n<meta property=\"og:type\" content=\"article\" \/>\n<meta property=\"og:title\" content=\"Av\u00eds Legal - Fab Verbatim\" \/>\n<meta property=\"og:description\" content=\"AV\u00cdS LEGAL LLEI DELS SERVEIS DE LA SOCIETAT DE LA INFORMACI\u00d3 (LSSI) Fabienne Colette Marie Fran\u00e7oise Annys, responsable del lloc web, d&#8217;ara endavant RESPONSABLE, posa a la disposici\u00f3 dels usuaris el present document, amb el qual pret\u00e9n donar compliment a les obligacions disposades en la Llei 34\/2002, d&#8217;11 de juliol, de Serveis de la Societat [&hellip;]\" \/>\n<meta property=\"og:url\" content=\"https:\/\/fabverbatim.com\/ca\/avis-legal\/\" \/>\n<meta property=\"og:site_name\" content=\"Fab Verbatim\" \/>\n<meta property=\"article:modified_time\" content=\"2025-11-28T11:34:16+00:00\" \/>\n<meta name=\"twitter:card\" content=\"summary_large_image\" \/>\n<meta name=\"twitter:label1\" content=\"Temps estimat de lectura\" \/>\n\t<meta name=\"twitter:data1\" content=\"4 minuts\" \/>\n<script type=\"application\/ld+json\" class=\"yoast-schema-graph\">{\"@context\":\"https:\\\/\\\/schema.org\",\"@graph\":[{\"@type\":\"WebPage\",\"@id\":\"https:\\\/\\\/fabverbatim.com\\\/ca\\\/avis-legal\\\/\",\"url\":\"https:\\\/\\\/fabverbatim.com\\\/ca\\\/avis-legal\\\/\",\"name\":\"Av\u00eds Legal - Fab Verbatim\",\"isPartOf\":{\"@id\":\"https:\\\/\\\/fabverbatim.com\\\/ca\\\/#website\"},\"datePublished\":\"2025-02-21T14:15:02+00:00\",\"dateModified\":\"2025-11-28T11:34:16+00:00\",\"breadcrumb\":{\"@id\":\"https:\\\/\\\/fabverbatim.com\\\/ca\\\/avis-legal\\\/#breadcrumb\"},\"inLanguage\":\"ca\",\"potentialAction\":[{\"@type\":\"ReadAction\",\"target\":[\"https:\\\/\\\/fabverbatim.com\\\/ca\\\/avis-legal\\\/\"]}]},{\"@type\":\"BreadcrumbList\",\"@id\":\"https:\\\/\\\/fabverbatim.com\\\/ca\\\/avis-legal\\\/#breadcrumb\",\"itemListElement\":[{\"@type\":\"ListItem\",\"position\":1,\"name\":\"Portada\",\"item\":\"https:\\\/\\\/fabverbatim.com\\\/ca\\\/\"},{\"@type\":\"ListItem\",\"position\":2,\"name\":\"Av\u00eds Legal\"}]},{\"@type\":\"WebSite\",\"@id\":\"https:\\\/\\\/fabverbatim.com\\\/ca\\\/#website\",\"url\":\"https:\\\/\\\/fabverbatim.com\\\/ca\\\/\",\"name\":\"Fab Verbatim\",\"description\":\"\",\"publisher\":{\"@id\":\"https:\\\/\\\/fabverbatim.com\\\/ca\\\/#organization\"},\"potentialAction\":[{\"@type\":\"SearchAction\",\"target\":{\"@type\":\"EntryPoint\",\"urlTemplate\":\"https:\\\/\\\/fabverbatim.com\\\/ca\\\/?s={search_term_string}\"},\"query-input\":{\"@type\":\"PropertyValueSpecification\",\"valueRequired\":true,\"valueName\":\"search_term_string\"}}],\"inLanguage\":\"ca\"},{\"@type\":\"Organization\",\"@id\":\"https:\\\/\\\/fabverbatim.com\\\/ca\\\/#organization\",\"name\":\"Fab Verbatim\",\"url\":\"https:\\\/\\\/fabverbatim.com\\\/ca\\\/\",\"logo\":{\"@type\":\"ImageObject\",\"inLanguage\":\"ca\",\"@id\":\"https:\\\/\\\/fabverbatim.com\\\/ca\\\/#\\\/schema\\\/logo\\\/image\\\/\",\"url\":\"https:\\\/\\\/fabverbatim.com\\\/wp-content\\\/uploads\\\/2023\\\/08\\\/fabverbatim-1.png\",\"contentUrl\":\"https:\\\/\\\/fabverbatim.com\\\/wp-content\\\/uploads\\\/2023\\\/08\\\/fabverbatim-1.png\",\"width\":4500,\"height\":2347,\"caption\":\"Fab Verbatim\"},\"image\":{\"@id\":\"https:\\\/\\\/fabverbatim.com\\\/ca\\\/#\\\/schema\\\/logo\\\/image\\\/\"}}]}<\/script>\n<!-- \/ Yoast SEO plugin. -->","yoast_head_json":{"title":"Av\u00eds Legal - Fab Verbatim","robots":{"index":"index","follow":"follow","max-snippet":"max-snippet:-1","max-image-preview":"max-image-preview:large","max-video-preview":"max-video-preview:-1"},"canonical":"https:\/\/fabverbatim.com\/ca\/avis-legal\/","og_locale":"ca_ES","og_type":"article","og_title":"Av\u00eds Legal - Fab Verbatim","og_description":"AV\u00cdS LEGAL LLEI DELS SERVEIS DE LA SOCIETAT DE LA INFORMACI\u00d3 (LSSI) Fabienne Colette Marie Fran\u00e7oise Annys, responsable del lloc web, d&#8217;ara endavant RESPONSABLE, posa a la disposici\u00f3 dels usuaris el present document, amb el qual pret\u00e9n donar compliment a les obligacions disposades en la Llei 34\/2002, d&#8217;11 de juliol, de Serveis de la Societat [&hellip;]","og_url":"https:\/\/fabverbatim.com\/ca\/avis-legal\/","og_site_name":"Fab Verbatim","article_modified_time":"2025-11-28T11:34:16+00:00","twitter_card":"summary_large_image","twitter_misc":{"Temps estimat de lectura":"4 minuts"},"schema":{"@context":"https:\/\/schema.org","@graph":[{"@type":"WebPage","@id":"https:\/\/fabverbatim.com\/ca\/avis-legal\/","url":"https:\/\/fabverbatim.com\/ca\/avis-legal\/","name":"Av\u00eds Legal - Fab Verbatim","isPartOf":{"@id":"https:\/\/fabverbatim.com\/ca\/#website"},"datePublished":"2025-02-21T14:15:02+00:00","dateModified":"2025-11-28T11:34:16+00:00","breadcrumb":{"@id":"https:\/\/fabverbatim.com\/ca\/avis-legal\/#breadcrumb"},"inLanguage":"ca","potentialAction":[{"@type":"ReadAction","target":["https:\/\/fabverbatim.com\/ca\/avis-legal\/"]}]},{"@type":"BreadcrumbList","@id":"https:\/\/fabverbatim.com\/ca\/avis-legal\/#breadcrumb","itemListElement":[{"@type":"ListItem","position":1,"name":"Portada","item":"https:\/\/fabverbatim.com\/ca\/"},{"@type":"ListItem","position":2,"name":"Av\u00eds Legal"}]},{"@type":"WebSite","@id":"https:\/\/fabverbatim.com\/ca\/#website","url":"https:\/\/fabverbatim.com\/ca\/","name":"Fab Verbatim","description":"","publisher":{"@id":"https:\/\/fabverbatim.com\/ca\/#organization"},"potentialAction":[{"@type":"SearchAction","target":{"@type":"EntryPoint","urlTemplate":"https:\/\/fabverbatim.com\/ca\/?s={search_term_string}"},"query-input":{"@type":"PropertyValueSpecification","valueRequired":true,"valueName":"search_term_string"}}],"inLanguage":"ca"},{"@type":"Organization","@id":"https:\/\/fabverbatim.com\/ca\/#organization","name":"Fab Verbatim","url":"https:\/\/fabverbatim.com\/ca\/","logo":{"@type":"ImageObject","inLanguage":"ca","@id":"https:\/\/fabverbatim.com\/ca\/#\/schema\/logo\/image\/","url":"https:\/\/fabverbatim.com\/wp-content\/uploads\/2023\/08\/fabverbatim-1.png","contentUrl":"https:\/\/fabverbatim.com\/wp-content\/uploads\/2023\/08\/fabverbatim-1.png","width":4500,"height":2347,"caption":"Fab Verbatim"},"image":{"@id":"https:\/\/fabverbatim.com\/ca\/#\/schema\/logo\/image\/"}}]}},"_links":{"self":[{"href":"https:\/\/fabverbatim.com\/ca\/wp-json\/wp\/v2\/pages\/4102","targetHints":{"allow":["GET"]}}],"collection":[{"href":"https:\/\/fabverbatim.com\/ca\/wp-json\/wp\/v2\/pages"}],"about":[{"href":"https:\/\/fabverbatim.com\/ca\/wp-json\/wp\/v2\/types\/page"}],"author":[{"embeddable":true,"href":"https:\/\/fabverbatim.com\/ca\/wp-json\/wp\/v2\/users\/2"}],"replies":[{"embeddable":true,"href":"https:\/\/fabverbatim.com\/ca\/wp-json\/wp\/v2\/comments?post=4102"}],"version-history":[{"count":10,"href":"https:\/\/fabverbatim.com\/ca\/wp-json\/wp\/v2\/pages\/4102\/revisions"}],"predecessor-version":[{"id":4113,"href":"https:\/\/fabverbatim.com\/ca\/wp-json\/wp\/v2\/pages\/4102\/revisions\/4113"}],"wp:attachment":[{"href":"https:\/\/fabverbatim.com\/ca\/wp-json\/wp\/v2\/media?parent=4102"}],"curies":[{"name":"wp","href":"https:\/\/api.w.org\/{rel}","templated":true}]}}